{"id":16936,"date":"2017-05-02T15:52:27","date_gmt":"2017-05-02T15:52:27","guid":{"rendered":"http:\/\/www.lacasareccia.it\/?page_id=16936"},"modified":"2017-05-05T09:09:47","modified_gmt":"2017-05-05T09:09:47","slug":"carciofi","status":"publish","type":"page","link":"https:\/\/www.lacasareccia.it\/en\/carciofi\/","title":{"rendered":"Carciofi"},"content":{"rendered":"<section class=\"wpb-content-wrapper\"><p>[vc_row][vc_column width=&#8221;1\/3&#8243;][vc_single_image image=&#8221;16897&#8243; alignment=&#8221;center&#8221; border_color=&#8221;grey&#8221; img_link_target=&#8221;_self&#8221; img_size=&#8221;534&#215;731&#8243;][\/vc_column][vc_column width=&#8221;1\/3&#8243; offset=&#8221;vc_col-lg-8 vc_col-md-8 vc_hidden-sm vc_hidden-xs&#8221;][vc_column_text]<\/p>\n<div class=\"page\" title=\"Page 8\">\n<div class=\"layoutArea\">\n<div class=\"column\">\n<h3 style=\"color: #00344f;\">CARCIOFI TAGLIATI A SPICCHI<\/h3>\n<\/div>\n<\/div>\n<\/div>\n<p>[\/vc_column_text][vc_empty_space height=&#8221;30px&#8221;][vc_column_text]<\/p>\n<div class=\"page\" title=\"Page 8\">\n<div class=\"layoutArea\">\n<div class=\"column\">\n<p><b class=\"\"><span class=\"\">I<span class=\"apple-converted-space\">\u00a0<\/span><strong class=\"\">Carciofi tagliati a spicchi <\/strong><\/span><\/b><span class=\"\">La Casareccia \u00a0<\/span><span class=\"\">sono lavorati<\/span> <span class=\"\">dal fresco, al naturale, per preservare le propriet\u00e0 nutritive ed esaltare il sapore e la qualit\u00e0 dei carciofi freschissimi. Gi\u00e0 pronti per la preparazione di ricette gustose e ottimi contorni, ideali per la farcitura di pizze, insalate e piatti freddi.<\/span><\/p>\n<\/div>\n<\/div>\n<\/div>\n<p>[\/vc_column_text][vc_empty_space height=&#8221;50px&#8221;][vc_raw_html]JTNDdGFibGUlMjBzdHlsZSUzRCUyMndpZHRoJTNBJTIwMTAwJTI1JTNCJTIwYm9yZGVyLXNwYWNpbmclM0ElMjAycHglM0IlMjBib3JkZXItY29sbGFwc2UlM0ElMjBzZXBhcmF0ZSUzQiUyMiUzRSUwQSUyMCUyMCUyMCUyMCUzQ3RyJTNFJTBBJTIwJTIwJTIwJTIwJTIwJTIwJTIwJTIwJTNDdGQlMjAlMjBzdHlsZSUzRCUyMmhlaWdodCUzQSUyMDE4cHglM0IlMjBiYWNrZ3JvdW5kLWNvbG9yJTNBJTIwJTIzZmZmZmZmJTNCJTIwdmVydGljYWwtYWxpZ24lM0ElMjBtaWRkbGUlM0IlMjB0ZXh0LWFsaWduJTNBJTIwY2VudGVyJTNCJTIyJTNFJTNDJTJGdGQlM0UlMEElMjAlMjAlMjAlMjAlMjAlMjAlMjAlMjAlM0N0ZCUyMHN0eWxlJTNEJTIyaGVpZ2h0JTNBJTIwMThweCUzQiUyMGJhY2tncm91bmQtY29sb3IlM0ElMjAlMjNmZmZmZmYlM0IlMjB2ZXJ0aWNhbC1hbGlnbiUzQSUyMG1pZGRsZSUzQiUyMHRleHQtYWxpZ24lM0ElMjBjZW50ZXIlM0IlMjIlM0VQZXNvJTIwTmV0dG8lMjhnJTI5JTNDJTJGdGQlM0UlMEElMjAlMjAlMjAlMjAlMjAlMjAlMjAlMjAlM0N0ZCUyMHN0eWxlJTNEJTIyaGVpZ2h0JTNBJTIwMThweCUzQiUyMGJhY2tncm91bmQtY29sb3IlM0ElMjAlMjNmZmZmZmYlMjAlM0IlMjB2ZXJ0aWNhbC1hbGlnbiUzQSUyMG1pZGRsZSUzQiUyMHRleHQtYWxpZ24lM0ElMjBjZW50ZXIlM0IlMjIlM0VEaW1lbnNpb25lJTIwdW5pdCVDMyVBMCUzQyUyRnRkJTNFJTBBJTIwJTIwJTIwJTIwJTIwJTIwJTIwJTIwJTNDdGQlMjBzdHlsZSUzRCUyMmhlaWdodCUzQSUyMDE4cHglM0IlMjBiYWNrZ3JvdW5kLWNvbG9yJTNBJTIwJTIzZmZmZmZmJTIwJTNCJTIwdmVydGljYWwtYWxpZ24lM0ElMjBtaWRkbGUlM0IlMjB0ZXh0LWFsaWduJTNBJTIwY2VudGVyJTNCJTIyJTNFQ29kaWNlJTIwRUFOJTNDJTJGdGQlM0UlMEElMjAlMjAlMjAlMjAlMjAlMjAlMjAlMjAlM0N0ZCUyMHN0eWxlJTNEJTIyaGVpZ2h0JTNBJTIwMThweCUzQiUyMGJhY2tncm91bmQtY29sb3IlM0ElMjAlMjNmZmZmZmYlM0IlMjB2ZXJ0aWNhbC1hbGlnbiUzQSUyMG1pZGRsZSUzQiUyMHRleHQtYWxpZ24lM0ElMjBjZW50ZXIlM0IlMjIlM0VVbml0JUMzJUEwJTIwcGVyJTIwY29uZmV6aW9uZSUzQyUyRnRkJTNFJTBBJTIwJTIwJTIwJTIwJTNDJTJGdHIlM0UlMEElMjAlMjAlMjAlMjAlM0N0ciUzRSUwQSUyMCUyMCUyMCUyMCUyMCUyMCUyMCUyMCUzQ3RkJTIwc3R5bGUlM0QlMjJoZWlnaHQlM0ElMjA0NXB4JTNCJTIwYmFja2dyb3VuZC1jb2xvciUzQSUyMCUyM2ZmZmZmZiUyMCUzQiUyMHZlcnRpY2FsLWFsaWduJTNBJTIwbWlkZGxlJTNCJTIwdGV4dC1hbGlnbiUzQSUyMGNlbnRlciUzQiUyMGJvcmRlci1ib3R0b20lM0ElMjBzb2xpZCUyMDJweCUyMCUyM2RkZGRkZCUyMiUzRSUzQ2IlM0VGT1JNQVRJJTNDJTJGYiUzRSUzQyUyRnRkJTNFJTBBJTIwJTIwJTIwJTIwJTIwJTIwJTIwJTIwJTNDdGQlMjBzdHlsZSUzRCUyMmhlaWdodCUzQSUyMDQ1cHglM0IlMjBiYWNrZ3JvdW5kLWNvbG9yJTNBJTIwJTIzZGRkZGRkJTIwJTNCJTIwdmVydGljYWwtYWxpZ24lM0ElMjBtaWRkbGUlM0IlMjB0ZXh0LWFsaWduJTNBJTIwY2VudGVyJTNCJTIyJTNFNDAwJTNDJTJGdGQlM0UlMEElMjAlMjAlMjAlMjAlMjAlMjAlMjAlMjAlM0N0ZCUyMHN0eWxlJTNEJTIyaGVpZ2h0JTNBJTIwNDVweCUzQiUyMGJhY2tncm91bmQtY29sb3IlM0ElMjAlMjNkZGRkZGQlMjAlM0IlMjB2ZXJ0aWNhbC1hbGlnbiUzQSUyMG1pZGRsZSUzQiUyMHRleHQtYWxpZ24lM0ElMjBjZW50ZXIlM0IlMjIlM0UxMTB4NzUlM0MlMkZ0ZCUzRSUwQSUyMCUyMCUyMCUyMCUyMCUyMCUyMCUyMCUzQ3RkJTIwc3R5bGUlM0QlMjJoZWlnaHQlM0ElMjA0NXB4JTNCJTIwYmFja2dyb3VuZC1jb2xvciUzQSUyMCUyM2RkZGRkZCUyMCUzQiUyMHZlcnRpY2FsLWFsaWduJTNBJTIwbWlkZGxlJTNCJTIwdGV4dC1hbGlnbiUzQSUyMGNlbnRlciUzQiUyMiUzRTAwMDAwMDAwJTNDJTJGdGQlM0UlMEElMjAlMjAlMjAlMjAlMjAlMjAlMjAlMjAlM0N0ZCUyMHN0eWxlJTNEJTIyaGVpZ2h0JTNBJTIwNDVweCUzQiUyMGJhY2tncm91bmQtY29sb3IlM0ElMjAlMjNkZGRkZGQlMjAlM0IlMjB2ZXJ0aWNhbC1hbGlnbiUzQSUyMG1pZGRsZSUzQiUyMHRleHQtYWxpZ24lM0ElMjBjZW50ZXIlM0IlMjIlM0UyNCUzQyUyRnRkJTNFJTBBJTIwJTIwJTIwJTIwJTNDJTJGdHIlM0UlMEElMjAlMjAlMjAlMjAlM0N0ciUzRSUwQSUyMCUyMCUyMCUyMCUyMCUyMCUyMCUyMCUzQ3RkJTIwc3R5bGUlM0QlMjJoZWlnaHQlM0ElMjAxOHB4JTNCJTIwYmFja2dyb3VuZC1jb2xvciUzQSUyMCUyM2ZmZmZmZiUyMCUzQiUyMHZlcnRpY2FsLWFsaWduJTNBJTIwbWlkZGxlJTNCJTIwdGV4dC1hbGlnbiUzQSUyMGNlbnRlciUzQiUyMiUzRURpbS5jb25mZXppb25lJTNDJTJGdGQlM0UlMEElMjAlMjAlMjAlMjAlMjAlMjAlMjAlMjAlM0N0ZCUyMHN0eWxlJTNEJTIyaGVpZ2h0JTNBJTIwMThweCUzQiUyMGJhY2tncm91bmQtY29sb3IlM0ElMjAlMjNmZmZmZmYlMjAlM0IlMjB2ZXJ0aWNhbC1hbGlnbiUzQSUyMG1pZGRsZSUzQiUyMHRleHQtYWxpZ24lM0ElMjBjZW50ZXIlM0IlMjIlM0VTdHJhdGklMjBwZXIlMjBwZWRhbmElM0MlMkZ0ZCUzRSUwQSUyMCUyMCUyMCUyMCUyMCUyMCUyMCUyMCUzQ3RkJTIwc3R5bGUlM0QlMjJoZWlnaHQlM0ElMjAxOHB4JTNCJTIwYmFja2dyb3VuZC1jb2xvciUzQSUyMCUyM2ZmZmZmZiUyMCUzQiUyMHZlcnRpY2FsLWFsaWduJTNBJTIwbWlkZGxlJTNCJTIwdGV4dC1hbGlnbiUzQSUyMGNlbnRlciUzQiUyMiUzRVBlc28lMjBsb3JkbyUyMGNvbmZlei4lMjhLZyUyOSUzQyUyRnRkJTNFJTBBJTIwJTIwJTIwJTIwJTIwJTIwJTIwJTIwJTNDdGQlMjBzdHlsZSUzRCUyMmhlaWdodCUzQSUyMDE4cHglM0IlMjBiYWNrZ3JvdW5kLWNvbG9yJTNBJTIwJTIzZmZmZmZmJTIwJTNCJTIwdmVydGljYWwtYWxpZ24lM0ElMjBtaWRkbGUlM0IlMjB0ZXh0LWFsaWduJTNBJTIwY2VudGVyJTNCJTIyJTNFQ29uZmV6LiUyMHBlciUyMHN0YXRvJTNDJTJGdGQlM0UlMEElMjAlMjAlMjAlMjAlMjAlMjAlMjAlMjAlM0N0ZCUyMCUyMHN0eWxlJTNEJTIyaGVpZ2h0JTNBJTIwMThweCUzQiUyMGJhY2tncm91bmQtY29sb3IlM0ElMjAlMjNmZmZmZmYlMjAlM0IlMjB2ZXJ0aWNhbC1hbGlnbiUzQSUyMG1pZGRsZSUzQiUyMHRleHQtYWxpZ24lM0ElMjBjZW50ZXIlM0IlMjIlM0VEaW0uJTIwcGVyJTIwcGVkYW5hJTNDJTJGdGQlM0UlMEElMjAlMjAlMjAlMjAlM0MlMkZ0ciUzRSUyMCUyMCUyMCUyMCUwQSUyMCUyMCUyMCUyMCUzQ3RyJTNFJTBBJTIwJTIwJTIwJTIwJTIwJTIwJTIwJTIwJTNDdGQlMjBzdHlsZSUzRCUyMmhlaWdodCUzQSUyMDQ1cHglM0IlMjBiYWNrZ3JvdW5kLWNvbG9yJTNBJTIwJTIzZGRkZGRkJTIwJTNCJTIwdmVydGljYWwtYWxpZ24lM0ElMjBtaWRkbGUlM0IlMjB0ZXh0LWFsaWduJTNBJTIwY2VudGVyJTNCJTIyJTNFMTF4NDV4MzAlM0MlMkZ0ZCUzRSUwQSUyMCUyMCUyMCUyMCUyMCUyMCUyMCUyMCUzQ3RkJTIwc3R5bGUlM0QlMjJoZWlnaHQlM0ElMjA0NXB4JTNCJTIwYmFja2dyb3VuZC1jb2xvciUzQSUyMCUyM2RkZGRkZCUyMCUzQiUyMHZlcnRpY2FsLWFsaWduJTNBJTIwbWlkZGxlJTNCJTIwdGV4dC1hbGlnbiUzQSUyMGNlbnRlciUzQiUyMiUzRTYlM0MlMkZ0ZCUzRSUwQSUyMCUyMCUyMCUyMCUyMCUyMCUyMCUyMCUzQ3RkJTIwc3R5bGUlM0QlMjJoZWlnaHQlM0ElMjA0NXB4JTNCJTIwYmFja2dyb3VuZC1jb2xvciUzQSUyMCUyM2RkZGRkZCUyMCUzQiUyMHZlcnRpY2FsLWFsaWduJTNBJTIwbWlkZGxlJTNCJTIwdGV4dC1hbGlnbiUzQSUyMGNlbnRlciUzQiUyMiUzRTEyJTNDJTJGdGQlM0UlMEElMjAlMjAlMjAlMjAlMjAlMjAlMjAlMjAlM0N0ZCUyMHN0eWxlJTNEJTIyaGVpZ2h0JTNBJTIwNDVweCUzQiUyMGJhY2tncm91bmQtY29sb3IlM0ElMjAlMjNkZGRkZGQlMjAlM0IlMjB2ZXJ0aWNhbC1hbGlnbiUzQSUyMG1pZGRsZSUzQiUyMHRleHQtYWxpZ24lM0ElMjBjZW50ZXIlM0IlMjIlM0UxMiUzQyUyRnRkJTNFJTBBJTIwJTIwJTIwJTIwJTIwJTIwJTIwJTIwJTNDdGQlMjBzdHlsZSUzRCUyMmhlaWdodCUzQSUyMDQ1cHglM0IlMjBiYWNrZ3JvdW5kLWNvbG9yJTNBJTIwJTIzZGRkZGRkJTIwJTNCJTIwdmVydGljYWwtYWxpZ24lM0ElMjBtaWRkbGUlM0IlMjB0ZXh0LWFsaWduJTNBJTIwY2VudGVyJTNCJTIyJTNFMTMyeDEyMHg4MCUzQyUyRnRkJTNFJTBBJTIwJTIwJTIwJTIwJTNDJTJGdHIlM0UlMjAlMjAlMjAlMjAlMEElM0MlMkZ0YWJsZSUzRSUwQSUzQ3AlM0UlMjZuYnNwJTNDJTJGcCUzRSUwQSUzQ3AlM0UlMjZuYnNwJTNDJTJGcCUzRQ==[\/vc_raw_html][vc_empty_space height=&#8221;30px&#8221;][vc_column_text]<\/p>\n<h3>Visita anche la linea <span style=\"color: #333300;\"><a style=\"color: #00344f;\" href=\"http:\/\/www.lacasareccia.it\/carciofi-2\/\">Catering<\/a><\/span><\/h3>\n<p>[\/vc_column_text][vc_empty_space height=&#8221;30px&#8221;][\/vc_column][vc_column width=&#8221;1\/3&#8243; offset=&#8221;vc_hidden-lg vc_hidden-md&#8221;][vc_column_text]<\/p>\n<div class=\"page\" title=\"Page 8\">\n<div class=\"layoutArea\">\n<div class=\"column\">\n<h3 style=\"color: #00344f;\">CARCIOFI TAGLIATI A SPICCHI<\/h3>\n<\/div>\n<\/div>\n<\/div>\n<p>[\/vc_column_text][vc_empty_space height=&#8221;30px&#8221;][vc_column_text]<\/p>\n<div class=\"page\" title=\"Page 8\">\n<div class=\"layoutArea\">\n<div class=\"column\">\n<p><b class=\"\"><span class=\"\">I<span class=\"apple-converted-space\">\u00a0<\/span><strong class=\"\">Carciofi tagliati a spicchi La Casareccia \u00a0<\/strong><\/span><\/b><strong class=\"\"><span class=\"\">sono lavorati<\/span><\/strong> <span class=\"\">dal fresco, al naturale \u00a0per preservare le propriet\u00e0 nutritive ed esaltare il sapore e la qualit\u00e0 dei carciofi freschissimi. Gi\u00e0 pronti per la preparazione di ricette gustose e ottimi contorni, ideali per la farcitura di pizze, insalate e piatti freddi.<\/span><\/p>\n<\/div>\n<\/div>\n<\/div>\n<p>[\/vc_column_text][vc_empty_space height=&#8221;50px&#8221;][vc_raw_html]JTNDdGFibGUlMjBzdHlsZSUzRCUyMndpZHRoJTNBJTIwMTAwJTI1JTNCJTIwYm9yZGVyLXNwYWNpbmclM0ElMjAycHglM0IlMjBib3JkZXItY29sbGFwc2UlM0ElMjBzZXBhcmF0ZSUzQiUyMiUzRSUwQSUyMCUyMCUyMCUyMCUzQ3RyJTNFJTBBJTIwJTIwJTIwJTIwJTIwJTIwJTIwJTIwJTNDdGQlMjBzdHlsZSUzRCUyMmhlaWdodCUzQSUyMDE4cHglM0IlMjBiYWNrZ3JvdW5kLWNvbG9yJTNBJTIwJTIzZmZmZmZmJTNCJTIwdmVydGljYWwtYWxpZ24lM0ElMjBtaWRkbGUlM0IlMjB0ZXh0LWFsaWduJTNBJTIwY2VudGVyJTNCJTIyJTNFUGVzbyUyME5ldHRvJTI4ZyUyOSUzQyUyRnRkJTNFJTBBJTIwJTIwJTIwJTIwJTIwJTIwJTIwJTIwJTNDdGQlMjBzdHlsZSUzRCUyMmhlaWdodCUzQSUyMDQ1cHglM0IlMjBiYWNrZ3JvdW5kLWNvbG9yJTNBJTIwJTIzZGRkZGRkJTIwJTNCJTIwdmVydGljYWwtYWxpZ24lM0ElMjBtaWRkbGUlM0IlMjB0ZXh0LWFsaWduJTNBJTIwY2VudGVyJTNCJTIyJTNFNDAwJTNDJTJGdGQlM0UlMjAlMjAlMjAlMjAlMjAlMjAlMjAlMjAlMEElMjAlMjAlMjAlMjAlM0MlMkZ0ciUzRSUwQSUyMCUyMCUyMCUyMCUzQ3RyJTNFJTBBJTIwJTIwJTIwJTIwJTIwJTIwJTIwJTIwJTNDdGQlMjBzdHlsZSUzRCUyMmhlaWdodCUzQSUyMDE4cHglM0IlMjBiYWNrZ3JvdW5kLWNvbG9yJTNBJTIwJTIzZmZmZmZmJTIwJTNCJTIwdmVydGljYWwtYWxpZ24lM0ElMjBtaWRkbGUlM0IlMjB0ZXh0LWFsaWduJTNBJTIwY2VudGVyJTNCJTIyJTNFRGltZW5zaW9uZSUyMHVuaXQlQzMlQTAlM0MlMkZ0ZCUzRSUwQSUyMCUyMCUyMCUyMCUyMCUyMCUyMCUyMCUzQ3RkJTIwc3R5bGUlM0QlMjJoZWlnaHQlM0ElMjA0NXB4JTNCJTIwYmFja2dyb3VuZC1jb2xvciUzQSUyMCUyM2RkZGRkZCUyMCUzQiUyMHZlcnRpY2FsLWFsaWduJTNBJTIwbWlkZGxlJTNCJTIwdGV4dC1hbGlnbiUzQSUyMGNlbnRlciUzQiUyMiUzRTExMHg3NSUzQyUyRnRkJTNFJTIwJTIwJTIwJTIwJTIwJTIwJTIwJTIwJTBBJTIwJTIwJTIwJTIwJTNDJTJGdHIlM0UlMEElMjAlMjAlMjAlMjAlM0N0ciUzRSUwQSUyMCUyMCUyMCUyMCUyMCUyMCUyMCUyMCUzQ3RkJTIwc3R5bGUlM0QlMjJoZWlnaHQlM0ElMjAxOHB4JTNCJTIwYmFja2dyb3VuZC1jb2xvciUzQSUyMCUyM2ZmZmZmZiUyMCUzQiUyMHZlcnRpY2FsLWFsaWduJTNBJTIwbWlkZGxlJTNCJTIwdGV4dC1hbGlnbiUzQSUyMGNlbnRlciUzQiUyMiUzRUNvZGljZSUyMEVBTiUzQyUyRnRkJTNFJTBBJTIwJTIwJTIwJTIwJTIwJTIwJTIwJTIwJTNDdGQlMjBzdHlsZSUzRCUyMmhlaWdodCUzQSUyMDQ1cHglM0IlMjBiYWNrZ3JvdW5kLWNvbG9yJTNBJTIwJTIzZGRkZGRkJTIwJTNCJTIwdmVydGljYWwtYWxpZ24lM0ElMjBtaWRkbGUlM0IlMjB0ZXh0LWFsaWduJTNBJTIwY2VudGVyJTNCJTIyJTNFMDAwMDAwMDAlM0MlMkZ0ZCUzRSUyMCUyMCUyMCUyMCUyMCUyMCUyMCUyMCUwQSUyMCUyMCUyMCUyMCUzQyUyRnRyJTNFJTBBJTIwJTIwJTIwJTIwJTNDdHIlM0UlMEElMjAlMjAlMjAlMjAlMjAlMjAlMjAlMjAlM0N0ZCUyMHN0eWxlJTNEJTIyaGVpZ2h0JTNBJTIwMThweCUzQiUyMGJhY2tncm91bmQtY29sb3IlM0ElMjAlMjNmZmZmZmYlM0IlMjB2ZXJ0aWNhbC1hbGlnbiUzQSUyMG1pZGRsZSUzQiUyMHRleHQtYWxpZ24lM0ElMjBjZW50ZXIlM0IlMjIlM0VVbml0JUMzJUEwJTIwcGVyJTIwY29uZmV6aW9uZSUzQyUyRnRkJTNFJTBBJTIwJTIwJTIwJTIwJTIwJTIwJTIwJTIwJTNDdGQlMjBzdHlsZSUzRCUyMmhlaWdodCUzQSUyMDQ1cHglM0IlMjBiYWNrZ3JvdW5kLWNvbG9yJTNBJTIwJTIzZGRkZGRkJTIwJTNCJTIwdmVydGljYWwtYWxpZ24lM0ElMjBtaWRkbGUlM0IlMjB0ZXh0LWFsaWduJTNBJTIwY2VudGVyJTNCJTIyJTNFMjQlM0MlMkZ0ZCUzRSUyMCUyMCUyMCUyMCUyMCUyMCUyMCUyMCUwQSUyMCUyMCUyMCUyMCUzQyUyRnRyJTNFJTBBJTIwJTIwJTIwJTIwJTNDdHIlM0UlMEElMjAlMjAlMjAlMjAlMjAlMjAlMjAlMjAlM0N0ZCUyMHN0eWxlJTNEJTIyaGVpZ2h0JTNBJTIwMThweCUzQiUyMGJhY2tncm91bmQtY29sb3IlM0ElMjAlMjNmZmZmZmYlMjAlM0IlMjB2ZXJ0aWNhbC1hbGlnbiUzQSUyMG1pZGRsZSUzQiUyMHRleHQtYWxpZ24lM0ElMjBjZW50ZXIlM0IlMjIlM0VEaW0uY29uZmV6aW9uZSUzQyUyRnRkJTNFJTBBJTIwJTIwJTIwJTIwJTIwJTIwJTIwJTIwJTNDdGQlMjBzdHlsZSUzRCUyMmhlaWdodCUzQSUyMDQ1cHglM0IlMjBiYWNrZ3JvdW5kLWNvbG9yJTNBJTIwJTIzZGRkZGRkJTIwJTNCJTIwdmVydGljYWwtYWxpZ24lM0ElMjBtaWRkbGUlM0IlMjB0ZXh0LWFsaWduJTNBJTIwY2VudGVyJTNCJTIyJTNFMTF4NDV4MzAlM0MlMkZ0ZCUzRSUyMCUyMCUyMCUyMCUyMCUyMCUyMCUyMCUwQSUyMCUyMCUyMCUyMCUzQyUyRnRyJTNFJTBBJTIwJTIwJTIwJTIwJTNDdHIlM0UlMEElMjAlMjAlMjAlMjAlMjAlMjAlMjAlMjAlM0N0ZCUyMHN0eWxlJTNEJTIyaGVpZ2h0JTNBJTIwMThweCUzQiUyMGJhY2tncm91bmQtY29sb3IlM0ElMjAlMjNmZmZmZmYlMjAlM0IlMjB2ZXJ0aWNhbC1hbGlnbiUzQSUyMG1pZGRsZSUzQiUyMHRleHQtYWxpZ24lM0ElMjBjZW50ZXIlM0IlMjIlM0VTdHJhdGklMjBwZXIlMjBwZWRhbmElM0MlMkZ0ZCUzRSUwQSUyMCUyMCUyMCUyMCUyMCUyMCUyMCUyMCUzQ3RkJTIwc3R5bGUlM0QlMjJoZWlnaHQlM0ElMjA0NXB4JTNCJTIwYmFja2dyb3VuZC1jb2xvciUzQSUyMCUyM2RkZGRkZCUyMCUzQiUyMHZlcnRpY2FsLWFsaWduJTNBJTIwbWlkZGxlJTNCJTIwdGV4dC1hbGlnbiUzQSUyMGNlbnRlciUzQiUyMiUzRTYlM0MlMkZ0ZCUzRSUyMCUyMCUyMCUyMCUyMCUyMCUyMCUyMCUwQSUyMCUyMCUyMCUyMCUzQyUyRnRyJTNFJTBBJTIwJTIwJTIwJTIwJTNDdHIlM0UlMEElMjAlMjAlMjAlMjAlMjAlMjAlMjAlMjAlM0N0ZCUyMHN0eWxlJTNEJTIyaGVpZ2h0JTNBJTIwMThweCUzQiUyMGJhY2tncm91bmQtY29sb3IlM0ElMjAlMjNmZmZmZmYlMjAlM0IlMjB2ZXJ0aWNhbC1hbGlnbiUzQSUyMG1pZGRsZSUzQiUyMHRleHQtYWxpZ24lM0ElMjBjZW50ZXIlM0IlMjIlM0VQZXNvJTIwbG9yZG8lMjBjb25mZXouJTI4S2clMjklM0MlMkZ0ZCUzRSUwQSUyMCUyMCUyMCUyMCUyMCUyMCUyMCUyMCUzQ3RkJTIwc3R5bGUlM0QlMjJoZWlnaHQlM0ElMjA0NXB4JTNCJTIwYmFja2dyb3VuZC1jb2xvciUzQSUyMCUyM2RkZGRkZCUyMCUzQiUyMHZlcnRpY2FsLWFsaWduJTNBJTIwbWlkZGxlJTNCJTIwdGV4dC1hbGlnbiUzQSUyMGNlbnRlciUzQiUyMiUzRTEyJTNDJTJGdGQlM0UlMjAlMjAlMjAlMjAlMjAlMjAlMjAlMjAlMEElMjAlMjAlMjAlMjAlM0MlMkZ0ciUzRSUwQSUyMCUyMCUyMCUyMCUzQ3RyJTNFJTBBJTIwJTIwJTIwJTIwJTIwJTIwJTIwJTIwJTNDdGQlMjBzdHlsZSUzRCUyMmhlaWdodCUzQSUyMDE4cHglM0IlMjBiYWNrZ3JvdW5kLWNvbG9yJTNBJTIwJTIzZmZmZmZmJTIwJTNCJTIwdmVydGljYWwtYWxpZ24lM0ElMjBtaWRkbGUlM0IlMjB0ZXh0LWFsaWduJTNBJTIwY2VudGVyJTNCJTIyJTNFQ29uZmV6LiUyMHBlciUyMHN0YXRvJTNDJTJGdGQlM0UlMEElMjAlMjAlMjAlMjAlMjAlMjAlMjAlMjAlM0N0ZCUyMHN0eWxlJTNEJTIyaGVpZ2h0JTNBJTIwNDVweCUzQiUyMGJhY2tncm91bmQtY29sb3IlM0ElMjAlMjNkZGRkZGQlMjAlM0IlMjB2ZXJ0aWNhbC1hbGlnbiUzQSUyMG1pZGRsZSUzQiUyMHRleHQtYWxpZ24lM0ElMjBjZW50ZXIlM0IlMjIlM0UxMiUzQyUyRnRkJTNFJTIwJTIwJTIwJTIwJTIwJTIwJTIwJTIwJTBBJTIwJTIwJTIwJTIwJTNDJTJGdHIlM0UlMEElMjAlMjAlMjAlMjAlM0N0ciUzRSUwQSUyMCUyMCUyMCUyMCUyMCUyMCUyMCUyMCUzQ3RkJTIwJTIwc3R5bGUlM0QlMjJoZWlnaHQlM0ElMjAxOHB4JTNCJTIwYmFja2dyb3VuZC1jb2xvciUzQSUyMCUyM2ZmZmZmZiUyMCUzQiUyMHZlcnRpY2FsLWFsaWduJTNBJTIwbWlkZGxlJTNCJTIwdGV4dC1hbGlnbiUzQSUyMGNlbnRlciUzQiUyMiUzRURpbS4lMjBwZXIlMjBwZWRhbmElM0MlMkZ0ZCUzRSUwQSUyMCUyMCUyMCUyMCUyMCUyMCUyMCUyMCUzQ3RkJTIwc3R5bGUlM0QlMjJoZWlnaHQlM0ElMjA0NXB4JTNCJTIwYmFja2dyb3VuZC1jb2xvciUzQSUyMCUyM2RkZGRkZCUyMCUzQiUyMHZlcnRpY2FsLWFsaWduJTNBJTIwbWlkZGxlJTNCJTIwdGV4dC1hbGlnbiUzQSUyMGNlbnRlciUzQiUyMiUzRTEzMngxMjB4ODAlM0MlMkZ0ZCUzRSUyMCUyMCUyMCUyMCUyMCUyMCUyMCUyMCUwQSUyMCUyMCUyMCUyMCUzQyUyRnRyJTNFJTIwJTIwJTIwJTIwJTBBJTIwJTBBJTNDJTJGdGFibGUlM0UlMEElM0NwJTNFJTI2bmJzcCUzQyUyRnAlM0UlMEElM0NwJTNFJTI2bmJzcCUzQyUyRnAlM0U=[\/vc_raw_html][vc_empty_space height=&#8221;30px&#8221;][vc_column_text]<\/p>\n<h3>Visita anche la linea <span style=\"color: #333300;\"><a style=\"color: #00344f;\" href=\"http:\/\/www.lacasareccia.it\/carciofi-2\/\">Catering<\/a><\/span><\/h3>\n<p>[\/vc_column_text][vc_empty_space height=&#8221;30px&#8221;][\/vc_column][\/vc_row]<\/p>\n<\/section>","protected":false},"excerpt":{"rendered":"<p>[vc_row][vc_column width=&#8221;1\/3&#8243;][vc_single_image image=&#8221;16897&#8243; alignment=&#8221;center&#8221; border_color=&#8221;grey&#8221; img_link_target=&#8221;_self&#8221; img_size=&#8221;534&#215;731&#8243;][\/vc_column][vc_column width=&#8221;1\/3&#8243; offset=&#8221;vc_col-lg-8 vc_col-md-8 vc_hidden-sm vc_hidden-xs&#8221;][vc_column_text] CARCIOFI TAGLIATI A SPICCHI [\/vc_column_text][vc_empty_space height=&#8221;30px&#8221;][vc_column_text] I\u00a0Carciofi tagliati a spicchi La Casareccia \u00a0sono lavorati dal fresco, al naturale, per preservare le propriet\u00e0 nutritive ed esaltare il sapore e la qualit\u00e0 dei carciofi freschissimi&#8230;.<\/p>\n","protected":false},"author":4,"featured_media":0,"parent":0,"menu_order":0,"comment_status":"open","ping_status":"open","template":"","meta":[],"_links":{"self":[{"href":"https:\/\/www.lacasareccia.it\/en\/wp-json\/wp\/v2\/pages\/16936"}],"collection":[{"href":"https:\/\/www.lacasareccia.it\/en\/wp-json\/wp\/v2\/pages"}],"about":[{"href":"https:\/\/www.lacasareccia.it\/en\/wp-json\/wp\/v2\/types\/page"}],"author":[{"embeddable":true,"href":"https:\/\/www.lacasareccia.it\/en\/wp-json\/wp\/v2\/users\/4"}],"replies":[{"embeddable":true,"href":"https:\/\/www.lacasareccia.it\/en\/wp-json\/wp\/v2\/comments?post=16936"}],"version-history":[{"count":6,"href":"https:\/\/www.lacasareccia.it\/en\/wp-json\/wp\/v2\/pages\/16936\/revisions"}],"predecessor-version":[{"id":17206,"href":"https:\/\/www.lacasareccia.it\/en\/wp-json\/wp\/v2\/pages\/16936\/revisions\/17206"}],"wp:attachment":[{"href":"https:\/\/www.lacasareccia.it\/en\/wp-json\/wp\/v2\/media?parent=16936"}],"curies":[{"name":"wp","href":"https:\/\/api.w.org\/{rel}","templated":true}]}}