{"id":16783,"date":"2015-05-26T15:44:15","date_gmt":"2015-05-26T15:44:15","guid":{"rendered":"http:\/\/www.lacasareccia.it\/?page_id=16783"},"modified":"2015-05-28T08:48:33","modified_gmt":"2015-05-28T08:48:33","slug":"privacy-policy","status":"publish","type":"page","link":"https:\/\/www.lacasareccia.it\/en\/privacy-policy\/","title":{"rendered":"Privacy Policy"},"content":{"rendered":"<p>Questa privacy policy illustra le modalit\u00e0 con cui <strong>La Casareccia di Mascolo &amp; C. snc<\/strong>\u00a0utilizza e protegge tutte le informazioni che si forniscono a <strong>La Casareccia di Mascolo &amp; C. snc<\/strong>\u00a0quando si utilizza questo sito web.<\/p>\n<p><strong>La Casareccia di Mascolo &amp; C. snc<\/strong>\u00a0si \u00e8 impegnata a garantire che la privacy \u00e8 protetta. Qualora vi chiediamo di fornire alcune informazioni con cui potete essere identificati quando si usa questo sito web, allora si pu\u00f2 essere certi che sar\u00e0 utilizzato in conformit\u00e0 con questa informativa sulla privacy.<\/p>\n<p><strong>La Casareccia di Mascolo &amp; C. snc<\/strong>\u00a0pu\u00f2 cambiare questa politica di volta in volta, aggiornando questa pagina. Per eventuali modifiche, controllate gli aggiornamenti pubblicati in questa pagina. Questa politica \u00e8 in vigore dal: Maggio 2015<\/p>\n<h2>Quello che raccogliamo<\/h2>\n<p>Possiamo raccogliere le seguenti informazioni:<\/p>\n<ul>\n<li>nome e titolo di lavoro<\/li>\n<li>informazioni di contatto tra cui indirizzo e-mail<\/li>\n<li>informazioni demografiche come codice postale, preferenze e interessi<\/li>\n<li>altre informazioni pertinenti alle indagini e \/ o offerte di clienti<\/li>\n<\/ul>\n<p>Che cosa facciamo con le informazioni che raccogliamo<\/p>\n<p>Abbiamo bisogno di queste informazioni per capire le vostre esigenze e offrire un servizio migliore, e in particolare per i seguenti motivi:<\/p>\n<ul>\n<li>Archiviazione interna. (in caso di sottoscrizione newsletter)<\/li>\n<li>Possiamo utilizzare le informazioni per migliorare i nostri prodotti e servizi.<\/li>\n<li>Si pu\u00f2 inviare periodicamente e-mail promozionali su nuovi prodotti, offerte speciali o altre informazioni che riteniamo si possono trovare interessanti utilizzando l\u2019indirizzo e-mail che ci avete fornito.<\/li>\n<li>Di tanto in tanto, potremmo anche utilizzare le informazioni per contattare l\u2019utente per scopi di ricerca di mercato. Potremmo contattare via e-mail, telefono, fax o posta. Possiamo utilizzare le informazioni per personalizzare il sito in base ai tuoi interessi.<\/li>\n<\/ul>\n<h2>Sicurezza<\/h2>\n<p>Siamo impegnati a garantire che le vostre informazioni sono al sicuro. Al fine di prevenire l\u2019accesso non autorizzato o divulgazione, abbiamo messo in atto adeguate procedure fisiche, elettroniche e manageriali per salvaguardare e proteggere le informazioni raccolte online.<\/p>\n<h2>Che cos\u2019\u00e8 un cookie?<\/h2>\n<p>I cookie sono file di testo che contengono piccole quantit\u00e0 di informazioni che vengono scaricati sul dispositivo quando si visita un sito web. I cookie vengono poi inviati al sito web di origine su ogni visita successiva, o ad un altro sito web che riconosce il cookie. I cookie sono utili perch\u00e9 consentono ad un sito web di riconoscere dispositivo di un utente.<\/p>\n<p>Potete trovare ulteriori informazioni sui cookie in:<\/p>\n<ul>\n<li><a href=\"http:\/\/www.allaboutcookies.org\/\" target=\"_blank\">www.allaboutcookies.org<\/a><\/li>\n<li><a href=\"http:\/\/www.mimmostiletour.it\/privacy-policy-it\/www.youronlinechoices.eu\" target=\"_blank\">www.youronlinechoices.eu<\/a><\/li>\n<\/ul>\n<p>I Cookies svolgono diverse funzioni, come permettere la navigazione tra le pagine in modo efficiente, ricordando le vostre preferenze, e in generale, migliorare l\u2019esperienza dell\u2019utente. Essi possono anche aiutare a garantire che gli annunci visualizzati online siano effettivamente importanti per voi e affini ai vostri interessi. I cookies utilizzati in questo sito sono stati classificati sulla base delle categorie presenti nella guida ICC UK Cookie.<\/p>\n<h2>Categoria 1: i cookies strettamente necessari<\/h2>\n<p>Questi cookies sono essenziali al fine di consentire di muoversi nel sito e l\u2019utilizzo delle sue caratteristiche, come ad esempio accedere alle aree protette del sito web. Senza questi servizi cookies che hai chiesto, molte delle funzionalit\u00e0 non possono essere fruite.<\/p>\n<h2>Categoria 2: performance cookies<\/h2>\n<p>Questi cookies raccolgono informazioni su come gli utenti utilizzano un sito web, ad esempio, su quali siano le pagine a cui i visitatori accedono pi\u00f9 spesso, e se ottengono i messaggi di errore da pagine web. Questi cookies non raccolgono informazioni che identificano un visitatore. Tutte le informazioni questi cookies raccolgono sono aggregate e, di conseguenza, anonime. I performance cookies vengono utilizzati solo per migliorare il funzionamento di un sito web.<\/p>\n<p>Utilizzando il nostro sito, l\u2019utente accetta che possiamo collocare questo tipo di cookie sul proprio dispositivo.<\/p>\n<h2>Categoria 3: cookies funzionali<\/h2>\n<p>Questi cookie consentono al sito di ricordare le scelte effettuate (come il vostro nome utente, la lingua o la regione ci si trova) e di fornire servizi avanzati, in base alle caratteristiche pi\u00f9 personali. Per esempio, un sito web pu\u00f2 essere in grado di fornire con le previsioni del tempo locali o notizie sul traffico, memorizzando in un cookie la regione in cui si trova l\u2019utente. Questi cookie possono essere utilizzati anche per ricordare le modifiche apportate alle dimensioni del testo, i caratteri e altre parti di pagine web che \u00e8 possibile personalizzare. Essi possono essere utilizzati anche per fornire servizi che hai chiesto come guardare un video o commentare su un blog. Le informazioni che questi cookie raccolgono possono essere anonime e non possono monitorare la vostra attivit\u00e0 di navigazione su altri siti web.<\/p>\n<p>Utilizzando il nostro sito, l\u2019utente accetta che possiamo collocare questo tipo di cookie sul vostro dispositivo.<\/p>\n<h2>Categoria 4: targeting cookie o cookie pubblicitari<\/h2>\n<p>Questi cookie vengono utilizzati per offrire pubblicit\u00e0 pi\u00f9 rilevanti per voi ed i vostri interessi sono utilizzati anche per limitare il numero di volte in cui si vede una pubblicit\u00e0 cos\u00ec come aiutare a misurare l\u2019efficacia della campagna pubblicitaria. Essi sono in genere collocati dalle reti pubblicitarie con il permesso del gestore del sito. Si ricorda che hai visitato un sito web e questa informazione \u00e8 condivisa con altre organizzazioni, come gli inserzionisti. Molto spesso il targeting o cookie pubblicitari saranno legati alla funzionalit\u00e0 del sito fornite dalle altre organizzazioni.<\/p>\n<p>Un elenco di tutti i cookie utilizzati in questo sito per categoria \u00e8 riportato qui di seguito.<\/p>\n<h3>Link ad altri siti web<\/h3>\n<p>Il nostro sito web pu\u00f2 contenere link ad altri siti di interesse. Tuttavia, una volta che avete utilizzato questi link per lasciare il nostro sito, si dovrebbe notare che non abbiamo alcun controllo su altri siti web. Pertanto, non possiamo essere responsabili per la protezione e la riservatezza delle informazioni che si forniscono durante la visita di tali siti e tali siti non sono disciplinati dalla presente informativa sulla privacy. \u00c8 necessario prestare attenzione e leggere l\u2019informativa sulla privacy applicabile al sito in questione.<\/p>\n<h3><b>Abilitazione\/disabilitazione di cookie tramite il browser<\/b><\/h3>\n<p>Esistono diversi modi per gestire i cookie e altre tecnologie di tracciabilit\u00e0. Modificando le impostazioni del browser, puoi accettare o rifiutare i cookie o decidere di ricevere un messaggio di avviso prima di accettare un cookie dai siti Web visitati. Ti ricordiamo che disabilitando completamente i cookie nel browser potresti non essere in grado di utilizzare tutte le nostre funzionalit\u00e0 interattive.<\/p>\n<p>Se utilizzi pi\u00f9 computer in postazioni diverse, assicurati che ogni browser sia impostato in modo da soddisfare le tue preferenze.<\/p>\n<p>Puoi eliminare tutti i cookie installati nella cartella dei cookie del tuo browser. Ciascun browser presenta procedure diverse per la gestione delle impostazioni. Fai clic su uno dei collegamenti sottostanti per ottenere istruzioni specifiche.<\/p>\n<p><b><a href=\"http:\/\/windows.microsoft.com\/it-it\/windows7\/block-enable-or-allow-cookies\">Microsoft Windows Explorer<\/a><\/b><\/p>\n<p><b><a href=\"https:\/\/support.google.com\/chrome\/bin\/answer.py?hl=it&amp;answer=95647&amp;p=cpn_cookies\">Google Chrome <\/a><br \/>\n<\/b><\/p>\n<p><b><a href=\"http:\/\/support.mozilla.org\/it-IT\/kb\/Enabling%20and%20disabling%20cookies\">Mozilla Firefox <\/a><br \/>\n<\/b><\/p>\n<p><a href=\"http:\/\/support.apple.com\/kb\/PH17191?viewlocale=it_IT&amp;locale=it_IT\"><b>Apple Safari<\/b><\/a><\/p>\n<p>Se non utilizzi nessuno dei browser sopra elencati, seleziona \u201ccookie\u201d nella relativa sezione della guida per scoprire dove si trova la tua cartella dei cookie.<\/p>\n<h3><b>Eliminazione dei cookie Flash<\/b><\/h3>\n<p>Fai clic sul collegamento qui di seguito per modificare le tue impostazioni relative ai cookie Flash.<\/p>\n<p><b><a href=\"http:\/\/www.macromedia.com\/support\/documentation\/it\/flashplayer\/help\/settings_manager02.html#118539\">Disabilitazione dei cookie Flash<\/a><\/b><\/p>\n<h2>Controllo delle informazioni personali<\/h2>\n<p>Si pu\u00f2 scegliere di limitare la raccolta o l\u2019utilizzo dei propri dati personali nei seguenti modi:<\/p>\n<ul>\n<li>ogni volta che vi viene chiesto di compilare un modulo sul sito, non autorizzare l\u2019utilizzo dei dati forniti per scopi di marketing diretto<\/li>\n<li>se in precedenza avete autorizzato l\u2019utilizzo dei vostri dati personali per finalit\u00e0 di marketing diretto, si pu\u00f2 cambiare idea in qualsiasi momento scrivendo o email a<\/li>\n<\/ul>\n<p>Email:\u00a0lacasareccia1@virgilio.it<\/p>\n<p>Noi dichiariamo di non vendere, distribuire o cedere temporaneamente a qualunque titolo le informazioni personali a terzi. \u00c8 possibile richiedere i dettagli delle informazioni personali che abbiamo su di voi in base alla legge sulla protezione dei dati del 1998.<\/p>\n<p>Per qualsiasi chiarimento o esigenza, scrivete a:<\/p>\n<div class=\"wpb_text_column wpb_content_element \">\n<div class=\"wpb_wrapper\">\n<h3>La Casareccia di Mascolo &amp; C. s.n.c.\u00a0Via Stabia\u00a0438 &#8211;\u00a0Sant\u2019Antonio Abate (NA)<\/h3>\n<\/div>\n<\/div>\n<p>Se credete che le informazioni in nostro possesso siano inesatte o incomplete, si prega di scrivere <strong>lacasareccia1@virgilio.it<\/strong>\u00a0al pi\u00f9 presto all\u2019indirizzo di cui sopra. Faremo tempestivamente correggere eventuali informazioni che si trovano nel nostro database.<\/p>\n<p>&nbsp;<\/p>\n<p>&nbsp;<\/p>\n","protected":false},"excerpt":{"rendered":"<p>Questa privacy policy illustra le modalit\u00e0 con cui La Casareccia di Mascolo &amp; C. snc\u00a0utilizza e protegge tutte le informazioni che si forniscono a La Casareccia di Mascolo &amp; C. snc\u00a0quando si utilizza questo sito web. La Casareccia di Mascolo &amp; C. snc\u00a0si \u00e8 impegnata&#8230;<\/p>\n","protected":false},"author":4,"featured_media":0,"parent":0,"menu_order":0,"comment_status":"open","ping_status":"open","template":"","meta":[],"_links":{"self":[{"href":"https:\/\/www.lacasareccia.it\/en\/wp-json\/wp\/v2\/pages\/16783"}],"collection":[{"href":"https:\/\/www.lacasareccia.it\/en\/wp-json\/wp\/v2\/pages"}],"about":[{"href":"https:\/\/www.lacasareccia.it\/en\/wp-json\/wp\/v2\/types\/page"}],"author":[{"embeddable":true,"href":"https:\/\/www.lacasareccia.it\/en\/wp-json\/wp\/v2\/users\/4"}],"replies":[{"embeddable":true,"href":"https:\/\/www.lacasareccia.it\/en\/wp-json\/wp\/v2\/comments?post=16783"}],"version-history":[{"count":4,"href":"https:\/\/www.lacasareccia.it\/en\/wp-json\/wp\/v2\/pages\/16783\/revisions"}],"predecessor-version":[{"id":16787,"href":"https:\/\/www.lacasareccia.it\/en\/wp-json\/wp\/v2\/pages\/16783\/revisions\/16787"}],"wp:attachment":[{"href":"https:\/\/www.lacasareccia.it\/en\/wp-json\/wp\/v2\/media?parent=16783"}],"curies":[{"name":"wp","href":"https:\/\/api.w.org\/{rel}","templated":true}]}}