{"id":16668,"date":"2015-04-29T15:42:30","date_gmt":"2015-04-29T15:42:30","guid":{"rendered":"http:\/\/localhost\/casareccia\/?page_id=16668"},"modified":"2015-04-30T15:50:36","modified_gmt":"2015-04-30T15:50:36","slug":"passata-di-pomodoro-in-bottiglia-330-grammi","status":"publish","type":"page","link":"https:\/\/www.lacasareccia.it\/en\/passata-di-pomodoro-in-bottiglia-330-grammi\/","title":{"rendered":"Passata di Pomodoro in Bottiglia 330 grammi"},"content":{"rendered":"<section class=\"wpb-content-wrapper\"><p>[vc_row][vc_column width=&#8221;1\/2&#8243;][vc_single_image image=&#8221;16669&#8243; border_color=&#8221;grey&#8221; img_link_target=&#8221;_self&#8221; img_size=&#8221;medium&#8221;][vc_empty_space height=&#8221;72px&#8221;][\/vc_column][vc_column width=&#8221;1\/2&#8243;][vc_column_text]<\/p>\n<h2>PASSATA DI POMODORO IN BOTTIGLIA 330 GRAMMI<\/h2>\n<p>[\/vc_column_text][vc_empty_space height=&#8221;32px&#8221;][vc_column_text]<\/p>\n<p style=\"text-align: justify;\"><span style=\"color: #111111;\">La <strong>Passata di Pomodoro in Bottiglia La Casareccia<\/strong> da 330 grammi \u00e8 una sintesi di qualit\u00e0 e praticit\u00e0, per chi ama cucinare facile e veloce, con la qualit\u00e0 e il sapore di un tempo.<\/span><\/p>\n<p style=\"text-align: justify;\"><span style=\"color: #111111;\">Ideale per piccole famiglie e per single, la <strong>bottiglia da 330 grammi<\/strong> La Casareccia \u00e8 perfetta per preparare il condimento necessario per 2 porzioni di uno spettacolare primo piatto all&#8217;italiana.<\/span><\/p>\n<p style=\"text-align: justify;\"><span style=\"color: #111111;\">La Passata di Pomodoro La Casareccia \u00e8 ottenuta dai pomodori italiani migliori, con un processo di lavorazione controllato e certificato, per mantenere intatte tutte le propriet\u00e0 nutritive e di gusto dei pomodori.<\/span><\/p>\n<p style=\"text-align: justify;\"><span style=\"color: #111111;\">Imbottigliata nella tradizionale bottiglia &#8220;<em>formato birra<\/em>&#8220;, La Passata di Pomodoro La Casareccia \u00e8 sempre pronta per dare un tocco di classe ai vostri piatti migliori.<\/span><\/p>\n<p>[\/vc_column_text][vc_empty_space height=&#8221;32px&#8221;][vc_column_text]<\/p>\n<h3>FORMATI<\/h3>\n<p>&nbsp;<\/p>\n<p>Bottiglia 330 g. con tappo a pressione[\/vc_column_text][vc_empty_space height=&#8221;32px&#8221;]<a  itemprop=\"url\" href=\"\" target=\"_self\"  class=\"qbutton  default\" style=\"\">Scarica la Scheda Tecnica del Prodotto<\/a>[vc_empty_space height=&#8221;72px&#8221;][\/vc_column][\/vc_row]<\/p>\n<\/section>","protected":false},"excerpt":{"rendered":"<p>[vc_row][vc_column width=&#8221;1\/2&#8243;][vc_single_image image=&#8221;16669&#8243; border_color=&#8221;grey&#8221; img_link_target=&#8221;_self&#8221; img_size=&#8221;medium&#8221;][vc_empty_space height=&#8221;72px&#8221;][\/vc_column][vc_column width=&#8221;1\/2&#8243;][vc_column_text] PASSATA DI POMODORO IN BOTTIGLIA 330 GRAMMI [\/vc_column_text][vc_empty_space height=&#8221;32px&#8221;][vc_column_text] La Passata di Pomodoro in Bottiglia La Casareccia da 330 grammi \u00e8 una sintesi di qualit\u00e0 e praticit\u00e0, per chi ama cucinare facile e veloce, con la qualit\u00e0&#8230;<\/p>\n","protected":false},"author":4,"featured_media":0,"parent":0,"menu_order":0,"comment_status":"open","ping_status":"open","template":"","meta":[],"_links":{"self":[{"href":"https:\/\/www.lacasareccia.it\/en\/wp-json\/wp\/v2\/pages\/16668"}],"collection":[{"href":"https:\/\/www.lacasareccia.it\/en\/wp-json\/wp\/v2\/pages"}],"about":[{"href":"https:\/\/www.lacasareccia.it\/en\/wp-json\/wp\/v2\/types\/page"}],"author":[{"embeddable":true,"href":"https:\/\/www.lacasareccia.it\/en\/wp-json\/wp\/v2\/users\/4"}],"replies":[{"embeddable":true,"href":"https:\/\/www.lacasareccia.it\/en\/wp-json\/wp\/v2\/comments?post=16668"}],"version-history":[{"count":4,"href":"https:\/\/www.lacasareccia.it\/en\/wp-json\/wp\/v2\/pages\/16668\/revisions"}],"predecessor-version":[{"id":16699,"href":"https:\/\/www.lacasareccia.it\/en\/wp-json\/wp\/v2\/pages\/16668\/revisions\/16699"}],"wp:attachment":[{"href":"https:\/\/www.lacasareccia.it\/en\/wp-json\/wp\/v2\/media?parent=16668"}],"curies":[{"name":"wp","href":"https:\/\/api.w.org\/{rel}","templated":true}]}}