{"id":16491,"date":"2015-04-17T09:10:03","date_gmt":"2015-04-17T09:10:03","guid":{"rendered":"http:\/\/localhost\/casareccia\/?page_id=16491"},"modified":"2015-04-30T15:54:43","modified_gmt":"2015-04-30T15:54:43","slug":"pomodori-pelati-in-barattolo","status":"publish","type":"page","link":"https:\/\/www.lacasareccia.it\/en\/pomodori-pelati-in-barattolo\/","title":{"rendered":"Pomodori Pelati in Barattolo"},"content":{"rendered":"<section class=\"wpb-content-wrapper\"><p>[vc_row][vc_column width=&#8221;1\/2&#8243;][vc_single_image image=&#8221;16492&#8243; border_color=&#8221;grey&#8221; img_link_target=&#8221;_self&#8221; img_size=&#8221;full&#8221;][\/vc_column][vc_column width=&#8221;1\/2&#8243;][vc_column_text]<\/p>\n<h2>POMODORINI\u00a0PELATI IN BARATTOLO<\/h2>\n<h2><\/h2>\n<p>[\/vc_column_text][vc_empty_space height=&#8221;32px&#8221;][vc_column_text]<\/p>\n<p style=\"text-align: justify;\"><span class=\"Apple-style-span\" style=\"color: #111111;\">I <strong>Pomodori Pelati in Barattolo<\/strong> sono uno dei classici La Casareccia.<br \/>\nI pomodori italiani migliori, selezionati con occhio esperto, incontrano l&#8217;esperienza conserviera La Casareccia, per una spettacolare esplosione di gusto.\u00a0<\/span><\/p>\n<p style=\"text-align: justify;\"><span style=\"color: #111111;\">I <strong>Pomodori Pelati La Casareccia<\/strong> sono l&#8217;ingrediente ideale alla base di numerose ricette italiane, tra cui la classica pizza napoletana. Il processo di pelatura di ogni singolo pomodoro \u00e8 all&#8217;avanguardia, realizzato in maniera naturale, per salvaguardare inalterate la freschezza, la bont\u00e0 e le propriet\u00e0 nutritive del prodotto finale, pronto per essere servito sulle tavole\u00a0di chi ama mangiare bene.<\/span><\/p>\n<h2 style=\"text-align: justify;\"><span style=\"font-size: 16px; line-height: 1.5; color: #111111;\">\u00a0<\/span><\/h2>\n<p>[\/vc_column_text][vc_column_text]<\/p>\n<h3>FORMATI<\/h3>\n<p>&nbsp;<\/p>\n<p>Barattolo 500 g. con Apertura a Strappo<\/p>\n<p>Barattolo 1 Kg.<\/p>\n<p>Barattolo 3 Kg. &#8211; Linea Catering[\/vc_column_text][vc_empty_space height=&#8221;32px&#8221;]<a  itemprop=\"url\" href=\"\" target=\"_self\"  class=\"qbutton  default\" style=\"\">Scarica la Scheda Tecnica<\/a>[vc_empty_space height=&#8221;72px&#8221;][\/vc_column][\/vc_row]<\/p>\n<\/section>","protected":false},"excerpt":{"rendered":"<p>[vc_row][vc_column width=&#8221;1\/2&#8243;][vc_single_image image=&#8221;16492&#8243; border_color=&#8221;grey&#8221; img_link_target=&#8221;_self&#8221; img_size=&#8221;full&#8221;][\/vc_column][vc_column width=&#8221;1\/2&#8243;][vc_column_text] POMODORINI\u00a0PELATI IN BARATTOLO [\/vc_column_text][vc_empty_space height=&#8221;32px&#8221;][vc_column_text] I Pomodori Pelati in Barattolo sono uno dei classici La Casareccia. I pomodori italiani migliori, selezionati con occhio esperto, incontrano l&#8217;esperienza conserviera La Casareccia, per una spettacolare esplosione di gusto.\u00a0 I Pomodori Pelati&#8230;<\/p>\n","protected":false},"author":4,"featured_media":0,"parent":0,"menu_order":0,"comment_status":"open","ping_status":"open","template":"","meta":[],"_links":{"self":[{"href":"https:\/\/www.lacasareccia.it\/en\/wp-json\/wp\/v2\/pages\/16491"}],"collection":[{"href":"https:\/\/www.lacasareccia.it\/en\/wp-json\/wp\/v2\/pages"}],"about":[{"href":"https:\/\/www.lacasareccia.it\/en\/wp-json\/wp\/v2\/types\/page"}],"author":[{"embeddable":true,"href":"https:\/\/www.lacasareccia.it\/en\/wp-json\/wp\/v2\/users\/4"}],"replies":[{"embeddable":true,"href":"https:\/\/www.lacasareccia.it\/en\/wp-json\/wp\/v2\/comments?post=16491"}],"version-history":[{"count":3,"href":"https:\/\/www.lacasareccia.it\/en\/wp-json\/wp\/v2\/pages\/16491\/revisions"}],"predecessor-version":[{"id":16714,"href":"https:\/\/www.lacasareccia.it\/en\/wp-json\/wp\/v2\/pages\/16491\/revisions\/16714"}],"wp:attachment":[{"href":"https:\/\/www.lacasareccia.it\/en\/wp-json\/wp\/v2\/media?parent=16491"}],"curies":[{"name":"wp","href":"https:\/\/api.w.org\/{rel}","templated":true}]}}